{"id":6006,"date":"2018-01-11T18:21:44","date_gmt":"2018-01-11T17:21:44","guid":{"rendered":"http:\/\/www.csg.lu\/wordpress\/?page_id=6006"},"modified":"2025-08-17T11:21:42","modified_gmt":"2025-08-17T09:21:42","slug":"vorstand","status":"publish","type":"page","link":"https:\/\/www.csg.lu\/index.php\/der-verein\/vorstand\/","title":{"rendered":"Vorstand &#038; Kommissionen"},"content":{"rendered":"<table style=\"border-collapse: collapse; width: 100%; height: 276px;\">\n<tbody>\n<tr style=\"height: 23px;\">\n<td style=\"width: 100%; height: 23px; background-color: #333366; text-align: center;\" colspan=\"2\"><span style=\"background-color: #333366; color: #ffffff;\"><strong>Vorstand<\/strong><\/span><\/td>\n<\/tr>\n<tr style=\"height: 23px;\">\n<td style=\"width: 35.51724137931035%; height: 23px;\"><span style=\"color: #333366;\"><strong>Pr\u00e4sident<\/strong><\/span><\/td>\n<td style=\"width: 64.48275862068965%; height: 23px;\"><span style=\"color: #333366;\">GOEDERT Pascal<\/span><\/td>\n<\/tr>\n<tr style=\"height: 23px;\">\n<td style=\"width: 35.51724137931035%; height: 23px;\"><span style=\"color: #333366;\"><strong>Vize-Pr\u00e4sident<\/strong><\/span><\/td>\n<td style=\"width: 64.48275862068965%; height: 23px;\">BACONNIER Stephane<\/td>\n<\/tr>\n<tr style=\"height: 23px;\">\n<td style=\"width: 35.51724137931035%; height: 23px;\"><span style=\"color: #333366;\"><strong>Administrativer Sekret\u00e4r<\/strong><\/span><\/td>\n<td style=\"width: 64.48275862068965%; height: 23px;\"><span style=\"color: #333366;\">SCHREINER Gilles<\/span><\/td>\n<\/tr>\n<tr style=\"height: 23px;\">\n<td style=\"width: 35.51724137931035%; height: 23px;\"><span style=\"color: #333366;\"><strong>Technischer Sekret\u00e4r<\/strong><\/span><\/td>\n<td style=\"width: 64.48275862068965%; height: 23px;\"><span style=\"color: #333366;\">HAAS Romain<\/span><\/td>\n<\/tr>\n<tr style=\"height: 23px;\">\n<td style=\"width: 35.51724137931035%; height: 23px;\"><span style=\"color: #333366;\"><strong>Kassierer<\/strong><\/span><\/td>\n<td style=\"width: 64.48275862068965%; height: 23px;\"><span style=\"color: #333366;\">KIEFFER Marc<\/span><\/td>\n<\/tr>\n<tr style=\"height: 23px;\">\n<td style=\"width: 35.51724137931035%; height: 23px;\"><span style=\"color: #333366;\"><strong>Mitglieder<\/strong><\/span><\/td>\n<td style=\"width: 64.48275862068965%; height: 23px;\">CAVALEIRO Tun<\/td>\n<\/tr>\n<tr style=\"height: 23px;\">\n<td style=\"width: 35.51724137931035%; height: 23px;\"><\/td>\n<td style=\"width: 64.48275862068965%; height: 23px;\">FLERUS Pascal<\/td>\n<\/tr>\n<tr style=\"height: 23px;\">\n<td style=\"width: 35.51724137931035%; height: 23px;\"><\/td>\n<td style=\"width: 64.48275862068965%; height: 23px;\">HURT Laurent<\/td>\n<\/tr>\n<tr style=\"height: 23px;\">\n<td style=\"width: 35.51724137931035%; height: 23px;\"><\/td>\n<td style=\"width: 64.48275862068965%; height: 23px;\">ROELTGEN Brian<\/td>\n<\/tr>\n<tr style=\"height: 23px;\">\n<td style=\"width: 35.51724137931035%; height: 23px;\"><\/td>\n<td style=\"width: 64.48275862068965%; height: 23px;\">SCHONS Olivier<\/td>\n<\/tr>\n<tr style=\"height: 23px;\">\n<td style=\"width: 35.51724137931035%; height: 23px;\"><\/td>\n<td style=\"width: 64.48275862068965%; height: 23px;\">SCHWALL Mett<\/td>\n<\/tr>\n<tr style=\"height: 23px;\">\n<td style=\"width: 35.51724137931035%; height: 23px;\"><\/td>\n<td style=\"width: 64.48275862068965%; height: 23px;\">WAGNER Claude<\/td>\n<\/tr>\n<\/tbody>\n<\/table>\n<p>&nbsp;<\/p>\n<table style=\"border-collapse: collapse; width: 100%;\">\n<tbody>\n<tr style=\"height: 23px;\">\n<td style=\"height: 23px; background-color: #333366;\"><span style=\"background-color: #333366; color: #ffffff;\"><strong>Finanzen- und Sponsorenkommission<\/strong><\/span><\/td>\n<td style=\"height: 23px; background-color: #333366;\"><span style=\"background-color: #333366; color: #ffffff;\"><strong>Sportkommission<\/strong><\/span><\/td>\n<td style=\"height: 23px; background-color: #333366;\"><span style=\"background-color: #333366; color: #ffffff;\"><strong>Eventkommission<\/strong><\/span><\/td>\n<td style=\"height: 23px; background-color: #333366;\"><span style=\"background-color: #333366; color: #ffffff;\"><strong>Damenkommission<\/strong><\/span><\/td>\n<td style=\"height: 23px; background-color: #333366;\"><span style=\"background-color: #333366; color: #ffffff;\"><strong>Reservenkommission<\/strong><\/span><\/td>\n<\/tr>\n<tr style=\"height: 23px;\">\n<td style=\"width: 20%; height: 23px;\">KIEFFER Marc<\/td>\n<td style=\"width: 20%; height: 23px;\">HAAS Romain<\/td>\n<td style=\"width: 20%; height: 23px;\">ROTH Denise<\/td>\n<td style=\"width: 20%; height: 23px;\">KIEFFER Marc<\/td>\n<td style=\"width: 20%; height: 23px;\">ROELTGEN Brian<\/td>\n<\/tr>\n<tr style=\"height: 23px;\">\n<td style=\"width: 20%; height: 23px;\">AERTSEN Steven<\/td>\n<td style=\"width: 20%; height: 23px;\">BACONNIER Stephane<\/td>\n<td style=\"width: 20%; height: 23px;\">BACONNIER Stephane<\/td>\n<td style=\"width: 20%; height: 23px;\">HENGEN Anna<\/td>\n<td style=\"width: 20%; height: 23px;\">FLERUS Pascal<\/td>\n<\/tr>\n<tr style=\"height: 23px;\">\n<td style=\"width: 20%; height: 23px;\">BACONNIER Stephane<\/td>\n<td style=\"width: 20%; height: 23px;\">GOEDERT Pascal<\/td>\n<td style=\"width: 20%; height: 23px;\">CAVALEIRO Tun<\/td>\n<td style=\"width: 20%; height: 23px;\">KOOB Jeff<\/td>\n<td style=\"width: 20%; height: 23px;\">GOEDERT Pascal<\/td>\n<\/tr>\n<tr style=\"height: 23px;\">\n<td style=\"width: 20%; height: 23px;\">CAVALEIRO Tun<\/td>\n<td style=\"width: 20%; height: 23px;\">SERVAIS Martial<\/td>\n<td style=\"width: 20%; height: 23px;\">FLERUS Pascal<\/td>\n<td style=\"width: 20%; height: 23px;\"><\/td>\n<td style=\"width: 20%; height: 23px;\">HAAS Romain<\/td>\n<\/tr>\n<tr style=\"height: 23px;\">\n<td style=\"width: 20%; height: 23px;\">GOEDERT Pascal<\/td>\n<td style=\"width: 20%; height: 23px;\">SCHREINER Gilles<\/td>\n<td style=\"width: 20%; height: 23px;\">GOEDERT Pascal<\/td>\n<td style=\"width: 20%; height: 23px;\"><\/td>\n<td style=\"width: 20%; height: 23px;\">PICARD Tom<\/td>\n<\/tr>\n<tr style=\"height: 23px;\">\n<td style=\"width: 20%; height: 23px;\">HAAS Andr\u00e9<\/td>\n<td style=\"width: 20%; height: 23px;\"><\/td>\n<td style=\"width: 20%; height: 23px;\">PICARD Tom<\/td>\n<td style=\"width: 20%; height: 23px;\"><\/td>\n<td style=\"width: 20%; height: 23px;\">STEIL Marc<\/td>\n<\/tr>\n<tr style=\"height: 23px;\">\n<td style=\"width: 20%; height: 23px;\"><\/td>\n<td style=\"width: 20%; height: 23px;\"><\/td>\n<td style=\"width: 20%; height: 23px;\">ROELTGEN Brian<\/td>\n<td style=\"width: 20%; height: 23px;\"><\/td>\n<td style=\"width: 20%; height: 23px;\"><\/td>\n<\/tr>\n<tr style=\"height: 23px;\">\n<td style=\"width: 20%; height: 23px;\"><\/td>\n<td style=\"width: 20%; height: 23px;\"><\/td>\n<td style=\"width: 20%; height: 23px;\">SCHONS Olivier<\/td>\n<td style=\"width: 20%; height: 23px;\"><\/td>\n<td style=\"width: 20%; height: 23px;\"><\/td>\n<\/tr>\n<tr style=\"height: 23px;\">\n<td style=\"width: 20%; height: 23px;\"><\/td>\n<td style=\"width: 20%; height: 23px;\"><\/td>\n<td style=\"width: 20%; height: 23px;\">SCHREINER Gilles<\/td>\n<td style=\"width: 20%; height: 23px;\"><\/td>\n<td style=\"width: 20%; height: 23px;\"><\/td>\n<\/tr>\n<tr style=\"height: 23px;\">\n<td style=\"width: 20%; height: 23px;\"><\/td>\n<td style=\"width: 20%; height: 23px;\"><\/td>\n<td style=\"width: 20%; height: 23px;\">SCHWALL Mett<\/td>\n<td style=\"width: 20%; height: 23px;\"><\/td>\n<td style=\"width: 20%; height: 23px;\"><\/td>\n<\/tr>\n<\/tbody>\n<\/table>\n<p>&nbsp;<\/p>\n<table style=\"border-collapse: collapse; width: 100%; height: 276px;\">\n<tbody>\n<tr style=\"height: 23px;\">\n<td style=\"width: 100%; height: 23px; background-color: #333366; text-align: center;\" colspan=\"2\"><span style=\"background-color: #333366; color: #ffffff;\"><strong>Jugendkommission<\/strong><\/span><\/td>\n<\/tr>\n<tr style=\"height: 23px;\">\n<td style=\"width: 35.51724137931035%; height: 23px;\"><span style=\"color: #333366;\"><strong>Pr\u00e4sident<\/strong><\/span><\/td>\n<td style=\"width: 64.48275862068965%; height: 23px;\"><span style=\"color: #333366;\">WAGNER Claude<\/span><\/td>\n<\/tr>\n<tr style=\"height: 23px;\">\n<td style=\"width: 35.51724137931035%; height: 23px;\"><span style=\"color: #333366;\"><strong>Kassierer<\/strong><\/span><\/td>\n<td style=\"width: 64.48275862068965%; height: 23px;\"><span style=\"color: #333366;\">HAAS Andr\u00e9<\/span><\/td>\n<\/tr>\n<tr style=\"height: 23px;\">\n<td style=\"width: 35.51724137931035%; height: 23px;\"><span style=\"color: #333366;\"><strong>Mitglieder<\/strong><\/span><\/td>\n<td style=\"width: 64.48275862068965%; height: 23px;\"><span style=\"color: #333366;\">BOSSERS Yves<\/span><\/td>\n<\/tr>\n<tr style=\"height: 23px;\">\n<td style=\"width: 35.51724137931035%; height: 23px;\"><\/td>\n<td style=\"width: 64.48275862068965%; height: 23px;\"><span style=\"color: #333366;\">COSGUN Bora<\/span><\/td>\n<\/tr>\n<tr style=\"height: 23px;\">\n<td style=\"width: 35.51724137931035%; height: 23px;\"><\/td>\n<td style=\"width: 64.48275862068965%; height: 23px;\"><span style=\"color: #333366;\">JANSEN Markus<\/span><\/td>\n<\/tr>\n<tr style=\"height: 23px;\">\n<td style=\"width: 35.51724137931035%; height: 23px;\"><\/td>\n<td style=\"width: 64.48275862068965%; height: 23px;\">KOOB Jeff<\/td>\n<\/tr>\n<tr style=\"height: 23px;\">\n<td style=\"width: 35.51724137931035%; height: 23px;\"><\/td>\n<td style=\"width: 64.48275862068965%; height: 23px;\"><span style=\"color: #333366;\">MEIERS Tom<\/span><\/td>\n<\/tr>\n<tr style=\"height: 23px;\">\n<td style=\"width: 35.51724137931035%; height: 23px;\"><\/td>\n<td style=\"width: 64.48275862068965%; height: 23px;\"><span style=\"color: #333366;\">ROTH Denise<\/span><\/td>\n<\/tr>\n<\/tbody>\n<\/table>\n","protected":false},"excerpt":{"rendered":"<p>Vorstand Pr\u00e4sident GOEDERT Pascal Vize-Pr\u00e4sident BACONNIER Stephane Administrativer Sekret\u00e4r SCHREINER Gilles Technischer Sekret\u00e4r HAAS Romain Kassierer KIEFFER Marc Mitglieder CAVALEIRO Tun FLERUS Pascal HURT Laurent ROELTGEN Brian SCHONS Olivier SCHWALL Mett WAGNER Claude &nbsp; Finanzen- und Sponsorenkommission Sportkommission Eventkommission Damenkommission Reservenkommission KIEFFER Marc HAAS Romain ROTH Denise KIEFFER Marc ROELTGEN Brian AERTSEN Steven BACONNIER Stephane [&hellip;]<\/p>\n","protected":false},"author":1,"featured_media":0,"parent":6004,"menu_order":0,"comment_status":"closed","ping_status":"closed","template":"","meta":{"footnotes":""},"class_list":["post-6006","page","type-page","status-publish","hentry"],"_links":{"self":[{"href":"https:\/\/www.csg.lu\/index.php\/wp-json\/wp\/v2\/pages\/6006","targetHints":{"allow":["GET"]}}],"collection":[{"href":"https:\/\/www.csg.lu\/index.php\/wp-json\/wp\/v2\/pages"}],"about":[{"href":"https:\/\/www.csg.lu\/index.php\/wp-json\/wp\/v2\/types\/page"}],"author":[{"embeddable":true,"href":"https:\/\/www.csg.lu\/index.php\/wp-json\/wp\/v2\/users\/1"}],"replies":[{"embeddable":true,"href":"https:\/\/www.csg.lu\/index.php\/wp-json\/wp\/v2\/comments?post=6006"}],"version-history":[{"count":11,"href":"https:\/\/www.csg.lu\/index.php\/wp-json\/wp\/v2\/pages\/6006\/revisions"}],"predecessor-version":[{"id":22748,"href":"https:\/\/www.csg.lu\/index.php\/wp-json\/wp\/v2\/pages\/6006\/revisions\/22748"}],"up":[{"embeddable":true,"href":"https:\/\/www.csg.lu\/index.php\/wp-json\/wp\/v2\/pages\/6004"}],"wp:attachment":[{"href":"https:\/\/www.csg.lu\/index.php\/wp-json\/wp\/v2\/media?parent=6006"}],"curies":[{"name":"wp","href":"https:\/\/api.w.org\/{rel}","templated":true}]}}